{"id":4609,"date":"2021-08-12T11:08:16","date_gmt":"2021-08-12T17:08:16","guid":{"rendered":"https:\/\/villageatgriesbach.com\/medias\/galerie\/"},"modified":"2021-08-17T13:24:06","modified_gmt":"2021-08-17T19:24:06","slug":"galerie","status":"publish","type":"page","link":"https:\/\/villageatgriesbach.com\/fr\/medias\/galerie\/","title":{"rendered":"Galerie"},"content":{"rendered":"\t\t<div data-elementor-type=\"wp-page\" data-elementor-id=\"4609\" class=\"elementor elementor-4609 elementor-1875\" data-elementor-post-type=\"page\">\n\t\t\t\t\t\t<section class=\"elementor-section elementor-top-section elementor-element elementor-element-5e66494 elementor-section-boxed elementor-section-height-default elementor-section-height-default\" data-id=\"5e66494\" data-element_type=\"section\" data-settings=\"{&quot;_ha_eqh_enable&quot;:false}\">\n\t\t\t\t\t\t<div class=\"elementor-container elementor-column-gap-default\">\n\t\t\t\t\t<div class=\"elementor-column elementor-col-100 elementor-top-column elementor-element elementor-element-c37a1c4\" data-id=\"c37a1c4\" data-element_type=\"column\">\n\t\t\t<div class=\"elementor-widget-wrap elementor-element-populated\">\n\t\t\t\t\t\t<div class=\"elementor-element elementor-element-9102830 elementor-widget elementor-widget-heading\" data-id=\"9102830\" data-element_type=\"widget\" data-widget_type=\"heading.default\">\n\t\t\t\t<div class=\"elementor-widget-container\">\n\t\t\t<style>\/*! elementor - v3.22.0 - 17-06-2024 *\/\n.elementor-heading-title{padding:0;margin:0;line-height:1}.elementor-widget-heading .elementor-heading-title[class*=elementor-size-]>a{color:inherit;font-size:inherit;line-height:inherit}.elementor-widget-heading .elementor-heading-title.elementor-size-small{font-size:15px}.elementor-widget-heading .elementor-heading-title.elementor-size-medium{font-size:19px}.elementor-widget-heading .elementor-heading-title.elementor-size-large{font-size:29px}.elementor-widget-heading .elementor-heading-title.elementor-size-xl{font-size:39px}.elementor-widget-heading .elementor-heading-title.elementor-size-xxl{font-size:59px}<\/style><h1 class=\"elementor-heading-title elementor-size-default\">Galerie<\/h1>\t\t<\/div>\n\t\t\t\t<\/div>\n\t\t\t\t<div class=\"elementor-element elementor-element-d5426fa elementor-widget elementor-widget-heading\" data-id=\"d5426fa\" data-element_type=\"widget\" data-widget_type=\"heading.default\">\n\t\t\t\t<div class=\"elementor-widget-container\">\n\t\t\t<h4 class=\"elementor-heading-title elementor-size-default\">Trier les photos par:<\/h4>\t\t<\/div>\n\t\t\t\t<\/div>\n\t\t\t\t\t<\/div>\n\t\t<\/div>\n\t\t\t\t\t<\/div>\n\t\t<\/section>\n\t\t\t\t<section class=\"elementor-section elementor-top-section elementor-element elementor-element-ea23ebf elementor-section-boxed elementor-section-height-default elementor-section-height-default\" data-id=\"ea23ebf\" data-element_type=\"section\" data-settings=\"{&quot;_ha_eqh_enable&quot;:false}\">\n\t\t\t\t\t\t<div class=\"elementor-container elementor-column-gap-default\">\n\t\t\t\t\t<div class=\"elementor-column elementor-col-100 elementor-top-column elementor-element elementor-element-864176c\" data-id=\"864176c\" data-element_type=\"column\">\n\t\t\t<div class=\"elementor-widget-wrap elementor-element-populated\">\n\t\t\t\t\t\t<div class=\"elementor-element elementor-element-b3c1575 elementor-grid-4 elementor-grid-tablet-2 elementor-grid-mobile-1 pp-ins-normal elementor-widget elementor-widget-pp-image-gallery\" data-id=\"b3c1575\" data-element_type=\"widget\" data-settings=\"{&quot;columns&quot;:&quot;4&quot;,&quot;pagination&quot;:&quot;yes&quot;,&quot;columns_tablet&quot;:&quot;2&quot;,&quot;columns_mobile&quot;:&quot;1&quot;}\" data-widget_type=\"pp-image-gallery.default\">\n\t\t\t\t<div class=\"elementor-widget-container\">\n\t\t\t\t\t<div class=\"pp-image-gallery-container\" data-settings=\"{&quot;tilt_enable&quot;:&quot;no&quot;,&quot;layout&quot;:&quot;masonry&quot;,&quot;pagination&quot;:&quot;yes&quot;,&quot;per_page&quot;:&quot;12&quot;,&quot;post_id&quot;:4609,&quot;template_id&quot;:4609,&quot;widget_id&quot;:&quot;b3c1575&quot;}\">\n\t\t\t\t\t\t<div class=\"pp-image-gallery-wrapper\">\n\t\t\t\t\t\t\t<div class=\"pp-filters-wrapper pp-filters-wrapper-mobile\">\n\t\t\t\t<div class=\"pp-gallery-filters pp-pointer-line pp-pointer-underline pp-animation-fade\">\n\t\t\t\t\t\t\t\t\t\t<div class=\"pp-gallery-filter pp-active\" data-filter=\"*\" data-gallery-index=\"all\">\n\t\t\t\t\t\tTous\t\t\t\t\t<\/div>\n\t\t\t\t\t\t\t\t\t\t\t<div class=\"pp-gallery-filter\" data-filter=\".pp-group-1\" data-gallery-index=\"pp-group-1\">COMMUNAUT\u00c9<\/div>\n\t\t\t\t\t\t\t\t\t\t\t<div class=\"pp-gallery-filter\" data-filter=\".pp-group-2\" data-gallery-index=\"pp-group-2\">Maisons-t\u00e9moins<\/div>\n\t\t\t\t\t\t\t\t\t\t\t<div class=\"pp-gallery-filter\" data-filter=\".pp-group-3\" data-gallery-index=\"pp-group-3\">\u00c9v\u00e8nements<\/div>\n\t\t\t\t\t\t\t\t\t\t\t<div class=\"pp-gallery-filter\" data-filter=\".pp-group-4\" data-gallery-index=\"pp-group-4\">Int\u00e9rieurs<\/div>\n\t\t\t\t\t\t\t\t\t\t\t<div class=\"pp-gallery-filter\" data-filter=\".pp-group-5\" data-gallery-index=\"pp-group-5\">Aerial<\/div>\n\t\t\t\t\t\t\t\t\t<\/div>\n\n\t\t\t\t\t\t\t\t\t<select class=\"pp-gallery-filters pp-filters-dropdown\">\n\t\t\t\t\t\t<option value=\"*\">Tous<\/option>\n\t\t\t\t\t\t\t\t\t\t\t\t\t<option value=\".pp-group-1\" data-gallery-index=\"pp-group-1\">COMMUNAUT\u00c9<\/option>\n\t\t\t\t\t\t\t\t\t\t\t\t\t<option value=\".pp-group-2\" data-gallery-index=\"pp-group-2\">Maisons-t\u00e9moins<\/option>\n\t\t\t\t\t\t\t\t\t\t\t\t\t<option value=\".pp-group-3\" data-gallery-index=\"pp-group-3\">\u00c9v\u00e8nements<\/option>\n\t\t\t\t\t\t\t\t\t\t\t\t\t<option value=\".pp-group-4\" data-gallery-index=\"pp-group-4\">Int\u00e9rieurs<\/option>\n\t\t\t\t\t\t\t\t\t\t\t\t\t<option value=\".pp-group-5\" data-gallery-index=\"pp-group-5\">Aerial<\/option>\n\t\t\t\t\t\t\t\t\t\t\t<\/select>\n\t\t\t\t\t\t\t<\/div>\n\t\t\t\t\t\t\t<div class=\"pp-image-gallery pp-elementor-grid pp-image-gallery-masonry pp-image-gallery-filter-enabled\" id=\"pp-image-gallery-b3c1575\">\n\t\t\t\t\t\t\t\t<div class=\"pp-grid-item-wrap pp-group-3\" data-item-id=\"4309\">\n\t\t\t\t<div class=\"pp-grid-item pp-image\">\n\t\t\t\t\t<div class=\"pp-image-gallery-thumbnail-wrap pp-ins-filter-hover\">\n\t\t\t\t\t\t<a data-elementor-open-lightbox=\"default\" data-elementor-lightbox-slideshow=\"b3c1575\" class=\"elementor-clickable pp-image-gallery-item-link\" href=\"https:\/\/villageatgriesbach.com\/wp-content\/uploads\/2021\/08\/5D3_1664.jpg\"><\/a><div class=\"pp-ins-filter-target pp-image-gallery-thumbnail\"><img decoding=\"async\" class=\"pp-gallery-slide-image\" src=\"https:\/\/villageatgriesbach.com\/wp-content\/uploads\/2021\/08\/5D3_1664-1920x1280.jpg\" alt=\"griesbach kids world event sign Panneau de l\u2019\u00e9v\u00e9nement mondial pour les enfants \u00e0 Griesbach.\" data-no-lazy=\"1\"\/><\/div><div class=\"pp-image-overlay pp-media-overlay\"><\/div><div class=\"pp-gallery-image-content pp-media-content\"><\/div>\t\t\t\t\t<\/div>\n\t\t\t\t<\/div>\n\t\t\t<\/div>\n\t\t\t\t\t\t<div class=\"pp-grid-item-wrap pp-group-4\" data-item-id=\"4370\">\n\t\t\t\t<div class=\"pp-grid-item pp-image\">\n\t\t\t\t\t<div class=\"pp-image-gallery-thumbnail-wrap pp-ins-filter-hover\">\n\t\t\t\t\t\t<a data-elementor-open-lightbox=\"default\" data-elementor-lightbox-slideshow=\"b3c1575\" class=\"elementor-clickable pp-image-gallery-item-link\" href=\"https:\/\/villageatgriesbach.com\/wp-content\/uploads\/2021\/08\/IM2921_03.jpg\"><\/a><div class=\"pp-ins-filter-target pp-image-gallery-thumbnail\"><img decoding=\"async\" class=\"pp-gallery-slide-image\" src=\"https:\/\/villageatgriesbach.com\/wp-content\/uploads\/2021\/08\/IM2921_03-1755x1280.jpg\" alt=\"living area and kitchen in griesbach showhome Salle de s\u00e9jour et cuisine de maison-t\u00e9moin \u00e0 Griesbach.\" data-no-lazy=\"1\"\/><\/div><div class=\"pp-image-overlay pp-media-overlay\"><\/div><div class=\"pp-gallery-image-content pp-media-content\"><\/div>\t\t\t\t\t<\/div>\n\t\t\t\t<\/div>\n\t\t\t<\/div>\n\t\t\t\t\t\t<div class=\"pp-grid-item-wrap pp-group-1\" data-item-id=\"2941\">\n\t\t\t\t<div class=\"pp-grid-item pp-image\">\n\t\t\t\t\t<div class=\"pp-image-gallery-thumbnail-wrap pp-ins-filter-hover\">\n\t\t\t\t\t\t<a data-elementor-open-lightbox=\"default\" data-elementor-lightbox-slideshow=\"b3c1575\" class=\"elementor-clickable pp-image-gallery-item-link\" href=\"https:\/\/villageatgriesbach.com\/wp-content\/uploads\/2021\/07\/113258222-edited.jpeg\"><\/a><div class=\"pp-ins-filter-target pp-image-gallery-thumbnail\"><img decoding=\"async\" class=\"pp-gallery-slide-image\" src=\"https:\/\/villageatgriesbach.com\/wp-content\/uploads\/2021\/07\/113258222-edited.jpeg\" alt=\"\" data-no-lazy=\"1\"\/><\/div><div class=\"pp-image-overlay pp-media-overlay\"><\/div><div class=\"pp-gallery-image-content pp-media-content\"><\/div>\t\t\t\t\t<\/div>\n\t\t\t\t<\/div>\n\t\t\t<\/div>\n\t\t\t\t\t\t<div class=\"pp-grid-item-wrap pp-group-4\" data-item-id=\"4348\">\n\t\t\t\t<div class=\"pp-grid-item pp-image\">\n\t\t\t\t\t<div class=\"pp-image-gallery-thumbnail-wrap pp-ins-filter-hover\">\n\t\t\t\t\t\t<a data-elementor-open-lightbox=\"default\" data-elementor-lightbox-slideshow=\"b3c1575\" class=\"elementor-clickable pp-image-gallery-item-link\" href=\"https:\/\/villageatgriesbach.com\/wp-content\/uploads\/2021\/08\/DSC_6949-scaled.jpg\"><\/a><div class=\"pp-ins-filter-target pp-image-gallery-thumbnail\"><img decoding=\"async\" class=\"pp-gallery-slide-image\" src=\"https:\/\/villageatgriesbach.com\/wp-content\/uploads\/2021\/08\/DSC_6949-1920x1272.jpg\" alt=\"hardwood floor main eating area and kitchen Salle \u00e0 manger principale et cuisine avec planchers de bois franc.\" data-no-lazy=\"1\"\/><\/div><div class=\"pp-image-overlay pp-media-overlay\"><\/div><div class=\"pp-gallery-image-content pp-media-content\"><\/div>\t\t\t\t\t<\/div>\n\t\t\t\t<\/div>\n\t\t\t<\/div>\n\t\t\t\t\t\t<div class=\"pp-grid-item-wrap pp-group-1\" data-item-id=\"3281\">\n\t\t\t\t<div class=\"pp-grid-item pp-image\">\n\t\t\t\t\t<div class=\"pp-image-gallery-thumbnail-wrap pp-ins-filter-hover\">\n\t\t\t\t\t\t<a data-elementor-open-lightbox=\"default\" data-elementor-lightbox-slideshow=\"b3c1575\" class=\"elementor-clickable pp-image-gallery-item-link\" href=\"https:\/\/villageatgriesbach.com\/wp-content\/uploads\/2021\/07\/31-Ad.Astra-1-scaled.jpg\"><\/a><div class=\"pp-ins-filter-target pp-image-gallery-thumbnail\"><img decoding=\"async\" class=\"pp-gallery-slide-image\" src=\"https:\/\/villageatgriesbach.com\/wp-content\/uploads\/2021\/07\/31-Ad.Astra-1-1920x1280.jpg\" alt=\"ad astra image Image d\u2019Ad Astra.\" data-no-lazy=\"1\"\/><\/div><div class=\"pp-image-overlay pp-media-overlay\"><\/div><div class=\"pp-gallery-image-content pp-media-content\"><\/div>\t\t\t\t\t<\/div>\n\t\t\t\t<\/div>\n\t\t\t<\/div>\n\t\t\t\t\t\t<div class=\"pp-grid-item-wrap pp-group-5\" data-item-id=\"2937\">\n\t\t\t\t<div class=\"pp-grid-item pp-image\">\n\t\t\t\t\t<div class=\"pp-image-gallery-thumbnail-wrap pp-ins-filter-hover\">\n\t\t\t\t\t\t<a data-elementor-open-lightbox=\"default\" data-elementor-lightbox-slideshow=\"b3c1575\" class=\"elementor-clickable pp-image-gallery-item-link\" href=\"https:\/\/villageatgriesbach.com\/wp-content\/uploads\/2021\/07\/489478210-edited.jpeg\"><\/a><div class=\"pp-ins-filter-target pp-image-gallery-thumbnail\"><img decoding=\"async\" class=\"pp-gallery-slide-image\" src=\"https:\/\/villageatgriesbach.com\/wp-content\/uploads\/2021\/07\/489478210-edited.jpeg\" alt=\"\" data-no-lazy=\"1\"\/><\/div><div class=\"pp-image-overlay pp-media-overlay\"><\/div><div class=\"pp-gallery-image-content pp-media-content\"><\/div>\t\t\t\t\t<\/div>\n\t\t\t\t<\/div>\n\t\t\t<\/div>\n\t\t\t\t\t\t<div class=\"pp-grid-item-wrap pp-group-4\" data-item-id=\"4386\">\n\t\t\t\t<div class=\"pp-grid-item pp-image\">\n\t\t\t\t\t<div class=\"pp-image-gallery-thumbnail-wrap pp-ins-filter-hover\">\n\t\t\t\t\t\t<a data-elementor-open-lightbox=\"default\" data-elementor-lightbox-slideshow=\"b3c1575\" class=\"elementor-clickable pp-image-gallery-item-link\" href=\"https:\/\/villageatgriesbach.com\/wp-content\/uploads\/2021\/08\/pacesetter_homes_griesbach_hillary_great_room_web.jpg\"><\/a><div class=\"pp-ins-filter-target pp-image-gallery-thumbnail\"><img decoding=\"async\" class=\"pp-gallery-slide-image\" src=\"https:\/\/villageatgriesbach.com\/wp-content\/uploads\/2021\/08\/pacesetter_homes_griesbach_hillary_great_room_web.jpg\" alt=\"pacesetter hillary great room Chambre principale du mod\u00e8le Hillary de Pacesetter Homes.\" data-no-lazy=\"1\"\/><\/div><div class=\"pp-image-overlay pp-media-overlay\"><\/div><div class=\"pp-gallery-image-content pp-media-content\"><\/div>\t\t\t\t\t<\/div>\n\t\t\t\t<\/div>\n\t\t\t<\/div>\n\t\t\t\t\t\t<div class=\"pp-grid-item-wrap pp-group-4\" data-item-id=\"4344\">\n\t\t\t\t<div class=\"pp-grid-item pp-image\">\n\t\t\t\t\t<div class=\"pp-image-gallery-thumbnail-wrap pp-ins-filter-hover\">\n\t\t\t\t\t\t<a data-elementor-open-lightbox=\"default\" data-elementor-lightbox-slideshow=\"b3c1575\" class=\"elementor-clickable pp-image-gallery-item-link\" href=\"https:\/\/villageatgriesbach.com\/wp-content\/uploads\/2021\/08\/P1170064-scaled.jpg\"><\/a><div class=\"pp-ins-filter-target pp-image-gallery-thumbnail\"><img decoding=\"async\" class=\"pp-gallery-slide-image\" src=\"https:\/\/villageatgriesbach.com\/wp-content\/uploads\/2021\/08\/P1170064-1707x1280.jpg\" alt=\"tall glass shower and deep bathtub with glow lights around it Grande douche en verre et baignoire profonde avec des petites lumi\u00e8res.\" data-no-lazy=\"1\"\/><\/div><div class=\"pp-image-overlay pp-media-overlay\"><\/div><div class=\"pp-gallery-image-content pp-media-content\">\t\t<div class=\"pp-gallery-image-caption\">\n\t\t\tOLYMPUS DIGITAL CAMERA\t\t<\/div>\n\t\t<\/div>\t\t\t\t\t<\/div>\n\t\t\t\t<\/div>\n\t\t\t<\/div>\n\t\t\t\t\t\t<div class=\"pp-grid-item-wrap pp-group-1 pp-group-5\" data-item-id=\"1858\">\n\t\t\t\t<div class=\"pp-grid-item pp-image\">\n\t\t\t\t\t<div class=\"pp-image-gallery-thumbnail-wrap pp-ins-filter-hover\">\n\t\t\t\t\t\t<a data-elementor-open-lightbox=\"default\" data-elementor-lightbox-slideshow=\"b3c1575\" class=\"elementor-clickable pp-image-gallery-item-link\" href=\"https:\/\/villageatgriesbach.com\/wp-content\/uploads\/2021\/04\/flanders-field-scaled.jpg\"><\/a><div class=\"pp-ins-filter-target pp-image-gallery-thumbnail\"><img decoding=\"async\" class=\"pp-gallery-slide-image\" src=\"https:\/\/villageatgriesbach.com\/wp-content\/uploads\/2021\/04\/flanders-field-1920x1280.jpg\" alt=\"\" data-no-lazy=\"1\"\/><\/div><div class=\"pp-image-overlay pp-media-overlay\"><\/div><div class=\"pp-gallery-image-content pp-media-content\"><\/div>\t\t\t\t\t<\/div>\n\t\t\t\t<\/div>\n\t\t\t<\/div>\n\t\t\t\t\t\t<div class=\"pp-grid-item-wrap pp-group-3\" data-item-id=\"4283\">\n\t\t\t\t<div class=\"pp-grid-item pp-image\">\n\t\t\t\t\t<div class=\"pp-image-gallery-thumbnail-wrap pp-ins-filter-hover\">\n\t\t\t\t\t\t<a data-elementor-open-lightbox=\"default\" data-elementor-lightbox-slideshow=\"b3c1575\" class=\"elementor-clickable pp-image-gallery-item-link\" href=\"https:\/\/villageatgriesbach.com\/wp-content\/uploads\/2021\/08\/printQuality-28-scaled.jpg\"><\/a><div class=\"pp-ins-filter-target pp-image-gallery-thumbnail\"><img decoding=\"async\" class=\"pp-gallery-slide-image\" src=\"https:\/\/villageatgriesbach.com\/wp-content\/uploads\/2021\/08\/printQuality-28-1920x1278.jpg\" alt=\"veteran in uniform looking at commemorative memorial at griesbach Un v\u00e9t\u00e9ran en uniforme regarde un monument comm\u00e9moratif \u00e0 Griesbach.\" data-no-lazy=\"1\"\/><\/div><div class=\"pp-image-overlay pp-media-overlay\"><\/div><div class=\"pp-gallery-image-content pp-media-content\"><\/div>\t\t\t\t\t<\/div>\n\t\t\t\t<\/div>\n\t\t\t<\/div>\n\t\t\t\t\t\t<div class=\"pp-grid-item-wrap pp-group-3\" data-item-id=\"4305\">\n\t\t\t\t<div class=\"pp-grid-item pp-image\">\n\t\t\t\t\t<div class=\"pp-image-gallery-thumbnail-wrap pp-ins-filter-hover\">\n\t\t\t\t\t\t<a data-elementor-open-lightbox=\"default\" data-elementor-lightbox-slideshow=\"b3c1575\" class=\"elementor-clickable pp-image-gallery-item-link\" href=\"https:\/\/villageatgriesbach.com\/wp-content\/uploads\/2021\/08\/5D3_1620-1.jpg\"><\/a><div class=\"pp-ins-filter-target pp-image-gallery-thumbnail\"><img decoding=\"async\" class=\"pp-gallery-slide-image\" src=\"https:\/\/villageatgriesbach.com\/wp-content\/uploads\/2021\/08\/5D3_1620-1-1920x1280.jpg\" alt=\"griesbach balloons Des ballons \u00ab Griesbach \u00bb.\" data-no-lazy=\"1\"\/><\/div><div class=\"pp-image-overlay pp-media-overlay\"><\/div><div class=\"pp-gallery-image-content pp-media-content\"><\/div>\t\t\t\t\t<\/div>\n\t\t\t\t<\/div>\n\t\t\t<\/div>\n\t\t\t\t\t\t<div class=\"pp-grid-item-wrap pp-group-3\" data-item-id=\"4307\">\n\t\t\t\t<div class=\"pp-grid-item pp-image\">\n\t\t\t\t\t<div class=\"pp-image-gallery-thumbnail-wrap pp-ins-filter-hover\">\n\t\t\t\t\t\t<a data-elementor-open-lightbox=\"default\" data-elementor-lightbox-slideshow=\"b3c1575\" class=\"elementor-clickable pp-image-gallery-item-link\" href=\"https:\/\/villageatgriesbach.com\/wp-content\/uploads\/2021\/08\/5D3_1614.jpg\"><\/a><div class=\"pp-ins-filter-target pp-image-gallery-thumbnail\"><img decoding=\"async\" class=\"pp-gallery-slide-image\" src=\"https:\/\/villageatgriesbach.com\/wp-content\/uploads\/2021\/08\/5D3_1614-1920x1280.jpg\" alt=\"girl at griesbach event Une fille lors d\u2019un \u00e9v\u00e9nement \u00e0 Griesbach.\" data-no-lazy=\"1\"\/><\/div><div class=\"pp-image-overlay pp-media-overlay\"><\/div><div class=\"pp-gallery-image-content pp-media-content\"><\/div>\t\t\t\t\t<\/div>\n\t\t\t\t<\/div>\n\t\t\t<\/div>\n\t\t\t\t\t\t\t<\/div>\n\t\t\t\t\t\t<div class=\"pp-gallery-pagination\">\n\t\t\t<a href=\"#\" class=\"pp-gallery-load-more elementor-button elementor-size-sm\">\n\t\t\t\t<span class=\"pp-button-loader\"><\/span>\n\t\t\t\t\t\t\t\t<span class=\"pp-gallery-load-more-text\">\n\t\t\t\t\tCharger Plus\t\t\t\t<\/span>\n\t\t\t\t\t\t\t<\/a>\n\t\t<\/div>\n\t\t\t\t\t\t<\/div>\n\t\t\t\t\t\t<\/div>\n\t\t\t\t<\/div>\n\t\t\t\t<\/div>\n\t\t\t\t\t<\/div>\n\t\t<\/div>\n\t\t\t\t\t<\/div>\n\t\t<\/section>\n\t\t\t\t<\/div>\n\t\t","protected":false},"excerpt":{"rendered":"<p>Galerie Trier les photos par: Tous COMMUNAUT\u00c9 Maisons-t\u00e9moins \u00c9v\u00e8nements Int\u00e9rieurs Aerial TousCOMMUNAUT\u00c9Maisons-t\u00e9moins\u00c9v\u00e8nementsInt\u00e9rieursAerial Charger Plus<\/p>\n","protected":false},"author":16,"featured_media":0,"parent":4606,"menu_order":0,"comment_status":"closed","ping_status":"closed","template":"","meta":{"_acf_changed":false,"_relevanssi_hide_post":"","_relevanssi_hide_content":"","_relevanssi_pin_for_all":"","_relevanssi_pin_keywords":"","_relevanssi_unpin_keywords":"","_relevanssi_related_keywords":"","_relevanssi_related_include_ids":"","_relevanssi_related_exclude_ids":"","_relevanssi_related_no_append":"","_relevanssi_related_not_related":"","_relevanssi_related_posts":"","_relevanssi_noindex_reason":"","footnotes":"","_wp_rev_ctl_limit":""},"acf":[],"_links":{"self":[{"href":"https:\/\/villageatgriesbach.com\/fr\/wp-json\/wp\/v2\/pages\/4609"}],"collection":[{"href":"https:\/\/villageatgriesbach.com\/fr\/wp-json\/wp\/v2\/pages"}],"about":[{"href":"https:\/\/villageatgriesbach.com\/fr\/wp-json\/wp\/v2\/types\/page"}],"author":[{"embeddable":true,"href":"https:\/\/villageatgriesbach.com\/fr\/wp-json\/wp\/v2\/users\/16"}],"replies":[{"embeddable":true,"href":"https:\/\/villageatgriesbach.com\/fr\/wp-json\/wp\/v2\/comments?post=4609"}],"version-history":[{"count":5,"href":"https:\/\/villageatgriesbach.com\/fr\/wp-json\/wp\/v2\/pages\/4609\/revisions"}],"predecessor-version":[{"id":5029,"href":"https:\/\/villageatgriesbach.com\/fr\/wp-json\/wp\/v2\/pages\/4609\/revisions\/5029"}],"up":[{"embeddable":true,"href":"https:\/\/villageatgriesbach.com\/fr\/wp-json\/wp\/v2\/pages\/4606"}],"wp:attachment":[{"href":"https:\/\/villageatgriesbach.com\/fr\/wp-json\/wp\/v2\/media?parent=4609"}],"curies":[{"name":"wp","href":"https:\/\/api.w.org\/{rel}","templated":true}]}}