{"id":3760,"date":"2021-08-09T15:58:15","date_gmt":"2021-08-09T21:58:15","guid":{"rendered":"https:\/\/villageatgriesbach.com\/societe-immobiliere-du-canada\/"},"modified":"2022-12-13T12:31:23","modified_gmt":"2022-12-13T19:31:23","slug":"societe-immobiliere-du-canada","status":"publish","type":"page","link":"https:\/\/villageatgriesbach.com\/fr\/promoteur-immobilier\/societe-immobiliere-du-canada\/","title":{"rendered":"Soci\u00e9t\u00e9 immobili\u00e8re du Canada"},"content":{"rendered":"\t\t<div data-elementor-type=\"wp-page\" data-elementor-id=\"3760\" class=\"elementor elementor-3760 elementor-2224\" data-elementor-post-type=\"page\">\n\t\t\t\t\t\t<section class=\"elementor-section elementor-top-section elementor-element elementor-element-a957537 elementor-section-boxed elementor-section-height-default elementor-section-height-default\" data-id=\"a957537\" data-element_type=\"section\" data-settings=\"{&quot;background_background&quot;:&quot;classic&quot;,&quot;_ha_eqh_enable&quot;:false}\">\n\t\t\t\t\t\t\t<div class=\"elementor-background-overlay\"><\/div>\n\t\t\t\t\t\t\t<div class=\"elementor-container elementor-column-gap-default\">\n\t\t\t\t\t<div class=\"elementor-column elementor-col-100 elementor-top-column elementor-element elementor-element-577bfc5\" data-id=\"577bfc5\" data-element_type=\"column\">\n\t\t\t<div class=\"elementor-widget-wrap elementor-element-populated\">\n\t\t\t\t\t\t<div class=\"elementor-element elementor-element-9eab90c elementor-widget elementor-widget-heading\" data-id=\"9eab90c\" data-element_type=\"widget\" data-widget_type=\"heading.default\">\n\t\t\t\t<div class=\"elementor-widget-container\">\n\t\t\t<style>\/*! elementor - v3.22.0 - 17-06-2024 *\/\n.elementor-heading-title{padding:0;margin:0;line-height:1}.elementor-widget-heading .elementor-heading-title[class*=elementor-size-]>a{color:inherit;font-size:inherit;line-height:inherit}.elementor-widget-heading .elementor-heading-title.elementor-size-small{font-size:15px}.elementor-widget-heading .elementor-heading-title.elementor-size-medium{font-size:19px}.elementor-widget-heading .elementor-heading-title.elementor-size-large{font-size:29px}.elementor-widget-heading .elementor-heading-title.elementor-size-xl{font-size:39px}.elementor-widget-heading .elementor-heading-title.elementor-size-xxl{font-size:59px}<\/style><h1 class=\"elementor-heading-title elementor-size-default\">Soci\u00e9t\u00e9 immobili\u00e8re du Canada <\/h1>\t\t<\/div>\n\t\t\t\t<\/div>\n\t\t\t\t\t<\/div>\n\t\t<\/div>\n\t\t\t\t\t<\/div>\n\t\t<\/section>\n\t\t\t\t<section class=\"elementor-section elementor-top-section elementor-element elementor-element-6936cbd elementor-section-boxed elementor-section-height-default elementor-section-height-default\" data-id=\"6936cbd\" data-element_type=\"section\" data-settings=\"{&quot;_ha_eqh_enable&quot;:false}\">\n\t\t\t\t\t\t<div class=\"elementor-container elementor-column-gap-default\">\n\t\t\t\t\t<div class=\"elementor-column elementor-col-100 elementor-top-column elementor-element elementor-element-edce5e2\" data-id=\"edce5e2\" data-element_type=\"column\">\n\t\t\t<div class=\"elementor-widget-wrap elementor-element-populated\">\n\t\t\t\t\t\t<div class=\"elementor-element elementor-element-f4daa91 elementor-widget elementor-widget-heading\" data-id=\"f4daa91\" data-element_type=\"widget\" data-widget_type=\"heading.default\">\n\t\t\t\t<div class=\"elementor-widget-container\">\n\t\t\t<h3 class=\"elementor-heading-title elementor-size-default\">La Soci\u00e9t\u00e9 immobili\u00e8re du Canada, qui est le promoteur immobilier du Village \u00e0 Griesbach, est une soci\u00e9t\u00e9 d\u2019\u00c9tat f\u00e9d\u00e9rale commerciale autofinanc\u00e9e. La soci\u00e9t\u00e9 m\u00e8re et unique actionnaire de la Soci\u00e9t\u00e9 immobili\u00e8re du Canada est la SICL, qui rel\u00e8ve du Parlement du Canada par l\u2019entremise du minist\u00e8re des Travaux publics et des Services gouvernementaux.<\/h3>\t\t<\/div>\n\t\t\t\t<\/div>\n\t\t\t\t<div class=\"elementor-element elementor-element-16f63d4 elementor-widget elementor-widget-text-editor\" data-id=\"16f63d4\" data-element_type=\"widget\" data-widget_type=\"text-editor.default\">\n\t\t\t\t<div class=\"elementor-widget-container\">\n\t\t\t<style>\/*! elementor - v3.22.0 - 17-06-2024 *\/\n.elementor-widget-text-editor.elementor-drop-cap-view-stacked .elementor-drop-cap{background-color:#69727d;color:#fff}.elementor-widget-text-editor.elementor-drop-cap-view-framed .elementor-drop-cap{color:#69727d;border:3px solid;background-color:transparent}.elementor-widget-text-editor:not(.elementor-drop-cap-view-default) .elementor-drop-cap{margin-top:8px}.elementor-widget-text-editor:not(.elementor-drop-cap-view-default) .elementor-drop-cap-letter{width:1em;height:1em}.elementor-widget-text-editor .elementor-drop-cap{float:left;text-align:center;line-height:1;font-size:50px}.elementor-widget-text-editor .elementor-drop-cap-letter{display:inline-block}<\/style>\t\t\t\t<p class=\"p1\"><span class=\"s1\">La Soci\u00e9t\u00e9 immobili\u00e8re du Canada\u00a0(SIC) exerce ses activit\u00e9s sans lien de d\u00e9pendance avec le gouvernement dans l\u2019acquisition de propri\u00e9t\u00e9s aupr\u00e8s de divers minist\u00e8res et organismes f\u00e9d\u00e9raux et soci\u00e9t\u00e9s d\u2019\u00c9tat. La SIC optimise la valeur financi\u00e8re et communautaire de biens immobiliers strat\u00e9giques dont le gouvernement n\u2019a plus besoin pour ses programmes.<\/span><\/p>\n\t\t\t\t\t\t<\/div>\n\t\t\t\t<\/div>\n\t\t\t\t\t<\/div>\n\t\t<\/div>\n\t\t\t\t\t<\/div>\n\t\t<\/section>\n\t\t\t\t<section class=\"elementor-section elementor-top-section elementor-element elementor-element-c19fd91 elementor-section-boxed elementor-section-height-default elementor-section-height-default\" data-id=\"c19fd91\" data-element_type=\"section\" data-settings=\"{&quot;_ha_eqh_enable&quot;:false}\">\n\t\t\t\t\t\t<div class=\"elementor-container elementor-column-gap-default\">\n\t\t\t\t\t<div class=\"elementor-column elementor-col-100 elementor-top-column elementor-element elementor-element-e0b12ce\" data-id=\"e0b12ce\" data-element_type=\"column\" data-settings=\"{&quot;background_background&quot;:&quot;classic&quot;}\">\n\t\t\t<div class=\"elementor-widget-wrap elementor-element-populated\">\n\t\t\t\t\t\t<section class=\"elementor-section elementor-inner-section elementor-element elementor-element-feaaf0b elementor-section-boxed elementor-section-height-default elementor-section-height-default\" data-id=\"feaaf0b\" data-element_type=\"section\" data-settings=\"{&quot;_ha_eqh_enable&quot;:false}\">\n\t\t\t\t\t\t<div class=\"elementor-container elementor-column-gap-default\">\n\t\t\t\t\t<div class=\"elementor-column elementor-col-50 elementor-inner-column elementor-element elementor-element-4d52eca\" data-id=\"4d52eca\" data-element_type=\"column\">\n\t\t\t<div class=\"elementor-widget-wrap\">\n\t\t\t\t\t\t\t<\/div>\n\t\t<\/div>\n\t\t\t\t<div class=\"elementor-column elementor-col-50 elementor-inner-column elementor-element elementor-element-e7d5c97\" data-id=\"e7d5c97\" data-element_type=\"column\" data-settings=\"{&quot;background_background&quot;:&quot;classic&quot;}\">\n\t\t\t<div class=\"elementor-widget-wrap elementor-element-populated\">\n\t\t\t\t\t\t<div class=\"elementor-element elementor-element-8512763 elementor-widget elementor-widget-text-editor\" data-id=\"8512763\" data-element_type=\"widget\" data-widget_type=\"text-editor.default\">\n\t\t\t\t<div class=\"elementor-widget-container\">\n\t\t\t\t\t\t\t<p class=\"p1\"><span class=\"s1\">La SIC ne touche aucun cr\u00e9dit parlementaire et verse tous les profits dont elle n\u2019a pas besoin pour financer ses activit\u00e9s sous forme de dividendes annuels au gouvernement f\u00e9d\u00e9ral. Depuis la reprise de ses activit\u00e9s en\u00a01995, les nombreux projets de la SIC \u00e0 l\u2019\u00e9chelle du pays ont connu du succ\u00e8s, ce qui a permis de verser des contributions de plus d\u2019un milliard de dollars au gouvernement du Canada \u00e0 titre de paiement des propri\u00e9t\u00e9s, d\u2019\u00e9limination des co\u00fbts de portage, de charge d\u2019imp\u00f4ts et de d\u00e9clarations de dividendes.<\/span><\/p>\n<p class=\"p1\"><span class=\"s1\">La Soci\u00e9t\u00e9 d\u00e9tient et exploite \u00e9galement un certain nombre de propri\u00e9t\u00e9s bien reconnues, comme la Tour\u00a0CN et le Parc\u00a0Downsview \u00e0 Toronto, ainsi que le Vieux-Port de Montr\u00e9al.<\/span><\/p>\n\t\t\t\t\t\t<\/div>\n\t\t\t\t<\/div>\n\t\t\t\t\t<\/div>\n\t\t<\/div>\n\t\t\t\t\t<\/div>\n\t\t<\/section>\n\t\t\t\t\t<\/div>\n\t\t<\/div>\n\t\t\t\t\t<\/div>\n\t\t<\/section>\n\t\t\t\t<section class=\"elementor-section elementor-top-section elementor-element elementor-element-f953a4d elementor-section-boxed elementor-section-height-default elementor-section-height-default\" data-id=\"f953a4d\" data-element_type=\"section\" data-settings=\"{&quot;_ha_eqh_enable&quot;:false}\">\n\t\t\t\t\t\t<div class=\"elementor-container elementor-column-gap-default\">\n\t\t\t\t\t<div class=\"elementor-column elementor-col-100 elementor-top-column elementor-element elementor-element-5f40145\" data-id=\"5f40145\" data-element_type=\"column\">\n\t\t\t<div class=\"elementor-widget-wrap elementor-element-populated\">\n\t\t\t\t\t\t<div class=\"elementor-element elementor-element-3b03b06 elementor-widget elementor-widget-text-editor\" data-id=\"3b03b06\" data-element_type=\"widget\" data-widget_type=\"text-editor.default\">\n\t\t\t\t<div class=\"elementor-widget-container\">\n\t\t\t\t\t\t\t<p class=\"p2\"><span class=\"s1\">Pour de plus amples renseignements sur les activit\u00e9s de la Soci\u00e9t\u00e9 immobili\u00e8re du Canada au fil du temps, nous vous invitons \u00e0 consulter nos r\u00e9ussites et nos archives de rapports annuels au<\/span><\/p>\n\t\t\t\t\t\t<\/div>\n\t\t\t\t<\/div>\n\t\t\t\t<div class=\"elementor-element elementor-element-035c592 elementor-align-center elementor-mobile-align-center elementor-widget elementor-widget-button\" data-id=\"035c592\" data-element_type=\"widget\" data-widget_type=\"button.default\">\n\t\t\t\t<div class=\"elementor-widget-container\">\n\t\t\t\t\t<div class=\"elementor-button-wrapper\">\n\t\t\t<a class=\"elementor-button elementor-button-link elementor-size-sm\" href=\"https:\/\/www.clc-sic.ca\/francais\" target=\"_blank\" rel=\"noopener\">\n\t\t\t\t\t\t<span class=\"elementor-button-content-wrapper\">\n\t\t\t\t\t\t\t\t\t<span class=\"elementor-button-text\">CLC.CA<\/span>\n\t\t\t\t\t<\/span>\n\t\t\t\t\t<\/a>\n\t\t<\/div>\n\t\t\t\t<\/div>\n\t\t\t\t<\/div>\n\t\t\t\t\t<\/div>\n\t\t<\/div>\n\t\t\t\t\t<\/div>\n\t\t<\/section>\n\t\t\t\t<section class=\"elementor-section elementor-top-section elementor-element elementor-element-5e8b1e3 elementor-section-boxed elementor-section-height-default elementor-section-height-default\" data-id=\"5e8b1e3\" data-element_type=\"section\" data-settings=\"{&quot;_ha_eqh_enable&quot;:false}\">\n\t\t\t\t\t\t<div class=\"elementor-container elementor-column-gap-default\">\n\t\t\t\t\t<div class=\"elementor-column elementor-col-100 elementor-top-column elementor-element elementor-element-67bd4d7\" data-id=\"67bd4d7\" data-element_type=\"column\">\n\t\t\t<div class=\"elementor-widget-wrap elementor-element-populated\">\n\t\t\t\t\t\t<div class=\"elementor-element elementor-element-cda3557 elementor-widget elementor-widget-image\" data-id=\"cda3557\" data-element_type=\"widget\" data-widget_type=\"image.default\">\n\t\t\t\t<div class=\"elementor-widget-container\">\n\t\t\t<style>\/*! elementor - v3.22.0 - 17-06-2024 *\/\n.elementor-widget-image{text-align:center}.elementor-widget-image a{display:inline-block}.elementor-widget-image a img[src$=\".svg\"]{width:48px}.elementor-widget-image img{vertical-align:middle;display:inline-block}<\/style>\t\t\t\t\t\t\t\t\t\t<img fetchpriority=\"high\" decoding=\"async\" width=\"576\" height=\"192\" src=\"https:\/\/villageatgriesbach.com\/wp-content\/uploads\/2022\/06\/GG-AnimatedLogo.jpg\" class=\"attachment-medium size-medium wp-image-8609\" alt=\"Growing Griesbach logo\" \/>\t\t\t\t\t\t\t\t\t\t\t\t\t<\/div>\n\t\t\t\t<\/div>\n\t\t\t\t<div class=\"elementor-element elementor-element-9d2c634 elementor-widget elementor-widget-text-editor\" data-id=\"9d2c634\" data-element_type=\"widget\" data-widget_type=\"text-editor.default\">\n\t\t\t\t<div class=\"elementor-widget-container\">\n\t\t\t\t\t\t\t<p><span style=\"font-weight: 500;\">Le Village \u00e0 Griesbach est pr\u00eat \u00e0 conna\u00eetre la croissance, encore! Le Village \u00e0 Griesbach \u2013 une collectivit\u00e9 bien situ\u00e9e et planifi\u00e9e de main de ma\u00eetre \u2013 accueillera une nouvelle combinaison de logements, de parcs, d\u2019espaces ouverts et de commodit\u00e9s. Dans le cadre du projet de croissance de Griesbach, on a entam\u00e9 une conversation avec les r\u00e9sidents actuels, les communaut\u00e9s autochtones, les parties prenantes et le grand public en ce qui concerne cette initiative passionnante. \u00c0 mesure que le projet avance et entre dans de nouvelles phases, notre objectif est de faire du Village \u00e0 Griesbach la nouvelle collectivit\u00e9 de choix dans le secteur nord d\u2019Edmonton.<\/span><\/p>\n\t\t\t\t\t\t<\/div>\n\t\t\t\t<\/div>\n\t\t\t\t<div class=\"elementor-element elementor-element-7d4084d elementor-align-center elementor-widget elementor-widget-button\" data-id=\"7d4084d\" data-element_type=\"widget\" data-widget_type=\"button.default\">\n\t\t\t\t<div class=\"elementor-widget-container\">\n\t\t\t\t\t<div class=\"elementor-button-wrapper\">\n\t\t\t<a class=\"elementor-button elementor-button-link elementor-size-sm\" href=\"https:\/\/growinggriesbach.ca\/en\/\" target=\"_blank\" rel=\"noopener\">\n\t\t\t\t\t\t<span class=\"elementor-button-content-wrapper\">\n\t\t\t\t\t\t\t\t\t<span class=\"elementor-button-text\">Visitez le site Web<\/span>\n\t\t\t\t\t<\/span>\n\t\t\t\t\t<\/a>\n\t\t<\/div>\n\t\t\t\t<\/div>\n\t\t\t\t<\/div>\n\t\t\t\t\t<\/div>\n\t\t<\/div>\n\t\t\t\t\t<\/div>\n\t\t<\/section>\n\t\t\t\t<section class=\"elementor-section elementor-top-section elementor-element elementor-element-1d15a55 elementor-section-boxed elementor-section-height-default elementor-section-height-default\" data-id=\"1d15a55\" data-element_type=\"section\" data-settings=\"{&quot;_ha_eqh_enable&quot;:false}\">\n\t\t\t\t\t\t<div class=\"elementor-container elementor-column-gap-default\">\n\t\t\t\t\t<div class=\"elementor-column elementor-col-100 elementor-top-column elementor-element elementor-element-69d4fcf\" data-id=\"69d4fcf\" data-element_type=\"column\" data-settings=\"{&quot;background_background&quot;:&quot;classic&quot;}\">\n\t\t\t<div class=\"elementor-widget-wrap elementor-element-populated\">\n\t\t\t\t\t\t<section class=\"elementor-section elementor-inner-section elementor-element elementor-element-3a5ea89 elementor-section-boxed elementor-section-height-default elementor-section-height-default\" data-id=\"3a5ea89\" data-element_type=\"section\" data-settings=\"{&quot;background_background&quot;:&quot;classic&quot;,&quot;_ha_eqh_enable&quot;:false}\">\n\t\t\t\t\t\t<div class=\"elementor-container elementor-column-gap-default\">\n\t\t\t\t\t<div class=\"elementor-column elementor-col-50 elementor-inner-column elementor-element elementor-element-fb756d5\" data-id=\"fb756d5\" data-element_type=\"column\" data-settings=\"{&quot;background_background&quot;:&quot;classic&quot;}\">\n\t\t\t<div class=\"elementor-widget-wrap elementor-element-populated\">\n\t\t\t\t\t\t<div class=\"elementor-element elementor-element-35600b7 elementor-hidden-desktop elementor-hidden-tablet elementor-widget elementor-widget-spacer\" data-id=\"35600b7\" data-element_type=\"widget\" data-widget_type=\"spacer.default\">\n\t\t\t\t<div class=\"elementor-widget-container\">\n\t\t\t<style>\/*! elementor - v3.22.0 - 17-06-2024 *\/\n.elementor-column .elementor-spacer-inner{height:var(--spacer-size)}.e-con{--container-widget-width:100%}.e-con-inner>.elementor-widget-spacer,.e-con>.elementor-widget-spacer{width:var(--container-widget-width,var(--spacer-size));--align-self:var(--container-widget-align-self,initial);--flex-shrink:0}.e-con-inner>.elementor-widget-spacer>.elementor-widget-container,.e-con>.elementor-widget-spacer>.elementor-widget-container{height:100%;width:100%}.e-con-inner>.elementor-widget-spacer>.elementor-widget-container>.elementor-spacer,.e-con>.elementor-widget-spacer>.elementor-widget-container>.elementor-spacer{height:100%}.e-con-inner>.elementor-widget-spacer>.elementor-widget-container>.elementor-spacer>.elementor-spacer-inner,.e-con>.elementor-widget-spacer>.elementor-widget-container>.elementor-spacer>.elementor-spacer-inner{height:var(--container-widget-height,var(--spacer-size))}.e-con-inner>.elementor-widget-spacer.elementor-widget-empty,.e-con>.elementor-widget-spacer.elementor-widget-empty{position:relative;min-height:22px;min-width:22px}.e-con-inner>.elementor-widget-spacer.elementor-widget-empty .elementor-widget-empty-icon,.e-con>.elementor-widget-spacer.elementor-widget-empty .elementor-widget-empty-icon{position:absolute;top:0;bottom:0;left:0;right:0;margin:auto;padding:0;width:22px;height:22px}<\/style>\t\t<div class=\"elementor-spacer\">\n\t\t\t<div class=\"elementor-spacer-inner\"><\/div>\n\t\t<\/div>\n\t\t\t\t<\/div>\n\t\t\t\t<\/div>\n\t\t\t\t\t<\/div>\n\t\t<\/div>\n\t\t\t\t<div class=\"elementor-column elementor-col-50 elementor-inner-column elementor-element elementor-element-81760a8\" data-id=\"81760a8\" data-element_type=\"column\" data-settings=\"{&quot;background_background&quot;:&quot;classic&quot;}\">\n\t\t\t<div class=\"elementor-widget-wrap elementor-element-populated\">\n\t\t\t\t\t\t<div class=\"elementor-element elementor-element-e692bae elementor-widget elementor-widget-heading\" data-id=\"e692bae\" data-element_type=\"widget\" data-widget_type=\"heading.default\">\n\t\t\t\t<div class=\"elementor-widget-container\">\n\t\t\t<h3 class=\"elementor-heading-title elementor-size-default\">Village \u00e0 Griesbach reconna\u00eet que les terres traditionnelles sur lesquelles il s\u2019est \u00e9tabli se trouvent sur le territoire du Trait\u00e9 n\u00b0 6. <\/h3>\t\t<\/div>\n\t\t\t\t<\/div>\n\t\t\t\t<div class=\"elementor-element elementor-element-34f5d89 elementor-widget elementor-widget-text-editor\" data-id=\"34f5d89\" data-element_type=\"widget\" data-widget_type=\"text-editor.default\">\n\t\t\t\t<div class=\"elementor-widget-container\">\n\t\t\t\t\t\t\t<p><span style=\"font-weight: 400;\">Nous tenons \u00e0 remercier les divers peuples autochtones dont la pr\u00e9sence ancestrale a marqu\u00e9 ce territoire depuis des si\u00e8cles : les N\u00eahiyaw (Nay-hee-yow)\/Cris, les Den\u00e9s (Deh-neyh), les Anishinaabes (Ah-nish-in-ah-bay)\/Saulteaux (So-toe), les Nakota Isga (Na-koh-tah ee-ska)\/Nakota Sioux (Na-koh-tah sue) et les Niitsitapi (Nit-si-tahp-ee)\/Pieds-Noirs. Nous reconnaissons \u00e9galement qu\u2019il s\u2019agit de la patrie des M\u00e9tis\u2019 (May-tee) et de l\u2019une des plus grandes communaut\u00e9s d\u2019Inuits au sud du 60<\/span><span style=\"font-weight: 400;\">e<\/span><span style=\"font-weight: 400;\"> parall\u00e8le. C\u2019est un lieu d\u2019accueil pour tous les peuples qui viennent du monde entier et qui se sentent chez eux \u00e0 Edmonton. Ensemble, nous en appelons \u00e0 toutes nos traditions et \u00e0 tous nos esprits collectifs et honor\u00e9s pour travailler \u00e0 la construction d\u2019une grande ville pour les g\u00e9n\u00e9rations actuelles et futures.<\/span><\/p>\n\t\t\t\t\t\t<\/div>\n\t\t\t\t<\/div>\n\t\t\t\t\t<\/div>\n\t\t<\/div>\n\t\t\t\t\t<\/div>\n\t\t<\/section>\n\t\t\t\t\t<\/div>\n\t\t<\/div>\n\t\t\t\t\t<\/div>\n\t\t<\/section>\n\t\t\t\t<\/div>\n\t\t","protected":false},"excerpt":{"rendered":"<p>Soci\u00e9t\u00e9 immobili\u00e8re du Canada La Soci\u00e9t\u00e9 immobili\u00e8re du Canada, qui est le promoteur immobilier du Village \u00e0 Griesbach, est une soci\u00e9t\u00e9 d\u2019\u00c9tat f\u00e9d\u00e9rale commerciale autofinanc\u00e9e. La soci\u00e9t\u00e9 m\u00e8re et unique actionnaire de la Soci\u00e9t\u00e9 immobili\u00e8re du Canada est la SICL, qui rel\u00e8ve du Parlement du Canada par l\u2019entremise du minist\u00e8re des Travaux publics et des [&hellip;]<\/p>\n","protected":false},"author":16,"featured_media":0,"parent":4604,"menu_order":0,"comment_status":"closed","ping_status":"closed","template":"","meta":{"_acf_changed":false,"_relevanssi_hide_post":"","_relevanssi_hide_content":"","_relevanssi_pin_for_all":"","_relevanssi_pin_keywords":"","_relevanssi_unpin_keywords":"","_relevanssi_related_keywords":"","_relevanssi_related_include_ids":"","_relevanssi_related_exclude_ids":"","_relevanssi_related_no_append":"","_relevanssi_related_not_related":"","_relevanssi_related_posts":"5330,3452,3496,5436,3482,5530","_relevanssi_noindex_reason":"","footnotes":"","_wp_rev_ctl_limit":""},"acf":[],"_links":{"self":[{"href":"https:\/\/villageatgriesbach.com\/fr\/wp-json\/wp\/v2\/pages\/3760"}],"collection":[{"href":"https:\/\/villageatgriesbach.com\/fr\/wp-json\/wp\/v2\/pages"}],"about":[{"href":"https:\/\/villageatgriesbach.com\/fr\/wp-json\/wp\/v2\/types\/page"}],"author":[{"embeddable":true,"href":"https:\/\/villageatgriesbach.com\/fr\/wp-json\/wp\/v2\/users\/16"}],"replies":[{"embeddable":true,"href":"https:\/\/villageatgriesbach.com\/fr\/wp-json\/wp\/v2\/comments?post=3760"}],"version-history":[{"count":6,"href":"https:\/\/villageatgriesbach.com\/fr\/wp-json\/wp\/v2\/pages\/3760\/revisions"}],"predecessor-version":[{"id":9980,"href":"https:\/\/villageatgriesbach.com\/fr\/wp-json\/wp\/v2\/pages\/3760\/revisions\/9980"}],"up":[{"embeddable":true,"href":"https:\/\/villageatgriesbach.com\/fr\/wp-json\/wp\/v2\/pages\/4604"}],"wp:attachment":[{"href":"https:\/\/villageatgriesbach.com\/fr\/wp-json\/wp\/v2\/media?parent=3760"}],"curies":[{"name":"wp","href":"https:\/\/api.w.org\/{rel}","templated":true}]}}