{"id":3572,"date":"2021-08-05T10:37:58","date_gmt":"2021-08-05T16:37:58","guid":{"rendered":"https:\/\/villageatgriesbach.com\/communaute\/"},"modified":"2024-11-21T09:51:56","modified_gmt":"2024-11-21T16:51:56","slug":"communaute","status":"publish","type":"page","link":"https:\/\/villageatgriesbach.com\/fr\/communaute\/","title":{"rendered":"COMMUNAUT\u00c9"},"content":{"rendered":"\t\t<div data-elementor-type=\"wp-page\" data-elementor-id=\"3572\" class=\"elementor elementor-3572 elementor-528\" data-elementor-post-type=\"page\">\n\t\t\t\t\t\t<section class=\"elementor-section elementor-top-section elementor-element elementor-element-69fe8ee elementor-section-boxed elementor-section-height-default elementor-section-height-default\" data-id=\"69fe8ee\" data-element_type=\"section\" data-settings=\"{&quot;_ha_eqh_enable&quot;:false}\">\n\t\t\t\t\t\t<div class=\"elementor-container elementor-column-gap-default\">\n\t\t\t\t\t<div class=\"elementor-column elementor-col-100 elementor-top-column elementor-element elementor-element-1d8a506\" data-id=\"1d8a506\" data-element_type=\"column\">\n\t\t\t<div class=\"elementor-widget-wrap elementor-element-populated\">\n\t\t\t\t\t\t<div class=\"elementor-element elementor-element-114ac74 elementor-widget elementor-widget-heading\" data-id=\"114ac74\" data-element_type=\"widget\" data-widget_type=\"heading.default\">\n\t\t\t\t<div class=\"elementor-widget-container\">\n\t\t\t<style>\/*! elementor - v3.22.0 - 17-06-2024 *\/\n.elementor-heading-title{padding:0;margin:0;line-height:1}.elementor-widget-heading .elementor-heading-title[class*=elementor-size-]>a{color:inherit;font-size:inherit;line-height:inherit}.elementor-widget-heading .elementor-heading-title.elementor-size-small{font-size:15px}.elementor-widget-heading .elementor-heading-title.elementor-size-medium{font-size:19px}.elementor-widget-heading .elementor-heading-title.elementor-size-large{font-size:29px}.elementor-widget-heading .elementor-heading-title.elementor-size-xl{font-size:39px}.elementor-widget-heading .elementor-heading-title.elementor-size-xxl{font-size:59px}<\/style><h1 class=\"elementor-heading-title elementor-size-default\">COMMUNAUT\u00c9<\/h1>\t\t<\/div>\n\t\t\t\t<\/div>\n\t\t\t\t<div class=\"elementor-element elementor-element-79ad067 elementor-widget elementor-widget-heading\" data-id=\"79ad067\" data-element_type=\"widget\" data-widget_type=\"heading.default\">\n\t\t\t\t<div class=\"elementor-widget-container\">\n\t\t\t<h3 class=\"elementor-heading-title elementor-size-default\">L\u2019exp\u00e9rience du village urbain \u00e0 son meilleur<\/h3>\t\t<\/div>\n\t\t\t\t<\/div>\n\t\t\t\t<div class=\"elementor-element elementor-element-514128b elementor-widget elementor-widget-text-editor\" data-id=\"514128b\" data-element_type=\"widget\" data-widget_type=\"text-editor.default\">\n\t\t\t\t<div class=\"elementor-widget-container\">\n\t\t\t<style>\/*! elementor - v3.22.0 - 17-06-2024 *\/\n.elementor-widget-text-editor.elementor-drop-cap-view-stacked .elementor-drop-cap{background-color:#69727d;color:#fff}.elementor-widget-text-editor.elementor-drop-cap-view-framed .elementor-drop-cap{color:#69727d;border:3px solid;background-color:transparent}.elementor-widget-text-editor:not(.elementor-drop-cap-view-default) .elementor-drop-cap{margin-top:8px}.elementor-widget-text-editor:not(.elementor-drop-cap-view-default) .elementor-drop-cap-letter{width:1em;height:1em}.elementor-widget-text-editor .elementor-drop-cap{float:left;text-align:center;line-height:1;font-size:50px}.elementor-widget-text-editor .elementor-drop-cap-letter{display:inline-block}<\/style>\t\t\t\t<p class=\"p1\"><span class=\"s1\">Le plan directeur du Village \u00e0 Griesbach est con\u00e7u conform\u00e9ment au concept d\u2019un village urbain et sur les principes du nouvel urbanisme.<span class=\"Apple-converted-space\">\u00a0<\/span><\/span><\/p>\n\t\t\t\t\t\t<\/div>\n\t\t\t\t<\/div>\n\t\t\t\t\t<\/div>\n\t\t<\/div>\n\t\t\t\t\t<\/div>\n\t\t<\/section>\n\t\t\t\t<section class=\"elementor-section elementor-top-section elementor-element elementor-element-ac6f6bc elementor-section-full_width elementor-section-height-default elementor-section-height-default\" data-id=\"ac6f6bc\" data-element_type=\"section\" data-settings=\"{&quot;_ha_eqh_enable&quot;:false}\">\n\t\t\t\t\t\t<div class=\"elementor-container elementor-column-gap-default\">\n\t\t\t\t\t<div class=\"elementor-column elementor-col-100 elementor-top-column elementor-element elementor-element-9073eb7\" data-id=\"9073eb7\" data-element_type=\"column\" data-settings=\"{&quot;background_background&quot;:&quot;classic&quot;}\">\n\t\t\t<div class=\"elementor-widget-wrap elementor-element-populated\">\n\t\t\t\t\t\t<div class=\"elementor-element elementor-element-83444d7 elementor-hidden-desktop elementor-hidden-tablet elementor-widget elementor-widget-spacer\" data-id=\"83444d7\" data-element_type=\"widget\" data-widget_type=\"spacer.default\">\n\t\t\t\t<div class=\"elementor-widget-container\">\n\t\t\t<style>\/*! elementor - v3.22.0 - 17-06-2024 *\/\n.elementor-column .elementor-spacer-inner{height:var(--spacer-size)}.e-con{--container-widget-width:100%}.e-con-inner>.elementor-widget-spacer,.e-con>.elementor-widget-spacer{width:var(--container-widget-width,var(--spacer-size));--align-self:var(--container-widget-align-self,initial);--flex-shrink:0}.e-con-inner>.elementor-widget-spacer>.elementor-widget-container,.e-con>.elementor-widget-spacer>.elementor-widget-container{height:100%;width:100%}.e-con-inner>.elementor-widget-spacer>.elementor-widget-container>.elementor-spacer,.e-con>.elementor-widget-spacer>.elementor-widget-container>.elementor-spacer{height:100%}.e-con-inner>.elementor-widget-spacer>.elementor-widget-container>.elementor-spacer>.elementor-spacer-inner,.e-con>.elementor-widget-spacer>.elementor-widget-container>.elementor-spacer>.elementor-spacer-inner{height:var(--container-widget-height,var(--spacer-size))}.e-con-inner>.elementor-widget-spacer.elementor-widget-empty,.e-con>.elementor-widget-spacer.elementor-widget-empty{position:relative;min-height:22px;min-width:22px}.e-con-inner>.elementor-widget-spacer.elementor-widget-empty .elementor-widget-empty-icon,.e-con>.elementor-widget-spacer.elementor-widget-empty .elementor-widget-empty-icon{position:absolute;top:0;bottom:0;left:0;right:0;margin:auto;padding:0;width:22px;height:22px}<\/style>\t\t<div class=\"elementor-spacer\">\n\t\t\t<div class=\"elementor-spacer-inner\"><\/div>\n\t\t<\/div>\n\t\t\t\t<\/div>\n\t\t\t\t<\/div>\n\t\t\t\t<section class=\"elementor-section elementor-inner-section elementor-element elementor-element-cfecc1b elementor-section-boxed elementor-section-height-default elementor-section-height-default\" data-id=\"cfecc1b\" data-element_type=\"section\" data-settings=\"{&quot;_ha_eqh_enable&quot;:false}\">\n\t\t\t\t\t\t<div class=\"elementor-container elementor-column-gap-default\">\n\t\t\t\t\t<div class=\"elementor-column elementor-col-50 elementor-inner-column elementor-element elementor-element-e334e75\" data-id=\"e334e75\" data-element_type=\"column\">\n\t\t\t<div class=\"elementor-widget-wrap\">\n\t\t\t\t\t\t\t<\/div>\n\t\t<\/div>\n\t\t\t\t<div class=\"elementor-column elementor-col-50 elementor-inner-column elementor-element elementor-element-b114233\" data-id=\"b114233\" data-element_type=\"column\" data-settings=\"{&quot;background_background&quot;:&quot;classic&quot;}\">\n\t\t\t<div class=\"elementor-widget-wrap elementor-element-populated\">\n\t\t\t\t\t\t<div class=\"elementor-element elementor-element-e49aa16 elementor-widget elementor-widget-heading\" data-id=\"e49aa16\" data-element_type=\"widget\" data-widget_type=\"heading.default\">\n\t\t\t\t<div class=\"elementor-widget-container\">\n\t\t\t<h3 class=\"elementor-heading-title elementor-size-default\">Un village urbain est, \u00e0 la base, une communaut\u00e9 con\u00e7ue de mani\u00e8re \u00e0 donner la priorit\u00e9 \u00e0 la qualit\u00e9 de vie des r\u00e9sidents plut\u00f4t qu\u2019aux v\u00e9hicules. <\/h3>\t\t<\/div>\n\t\t\t\t<\/div>\n\t\t\t\t<div class=\"elementor-element elementor-element-daccc91 elementor-widget elementor-widget-text-editor\" data-id=\"daccc91\" data-element_type=\"widget\" data-widget_type=\"text-editor.default\">\n\t\t\t\t<div class=\"elementor-widget-container\">\n\t\t\t\t\t\t\t<p class=\"p1\"><span class=\"s1\">Cela signifie que le Village \u00e0 Griesbach comporte un r\u00e9seau de rues quadrill\u00e9es plus \u00e9troites et des boulevards bord\u00e9s d\u2019arbres. Cette conception ralentit la circulation et valorise la beaut\u00e9 des rues!<\/span><\/p>\n<p class=\"p1\"><span class=\"s1\">Parmi les autres \u00e9l\u00e9ments cl\u00e9s, mentionnons l\u2019am\u00e9nagement d\u2019un plus grand nombre de points de rassemblement dans les quartiers, comme l\u2019am\u00e9nagement de petites aires d\u2019agr\u00e9ment ou de petits parcs, plut\u00f4t que de vastes bandes d\u2019espaces verts et d\u2019aires de d\u00e9tente publiques ici et l\u00e0.<\/span><\/p>\n<p class=\"p1\"><span class=\"s1\">Le Village \u00e0 Griesbach dispose \u00e9galement de son propre secteur commercial afin d\u2019assurer une livraison efficace des biens et services aux r\u00e9sidents sans que ceux-ci aient besoin de prendre leur voiture et de conduire jusqu\u2019\u00e0 un centre commercial. Cela rend les nouveaux quartiers urbains plus autonomes, tout en am\u00e9liorant l\u2019efficacit\u00e9 environnementale des lieux et des r\u00e9sidents en r\u00e9duisant la d\u00e9pendance face \u00e0 l\u2019automobile.<\/span><\/p>\n\t\t\t\t\t\t<\/div>\n\t\t\t\t<\/div>\n\t\t\t\t\t<\/div>\n\t\t<\/div>\n\t\t\t\t\t<\/div>\n\t\t<\/section>\n\t\t\t\t\t<\/div>\n\t\t<\/div>\n\t\t\t\t\t<\/div>\n\t\t<\/section>\n\t\t\t\t<\/div>\n\t\t","protected":false},"excerpt":{"rendered":"<p>COMMUNAUT\u00c9 L\u2019exp\u00e9rience du village urbain \u00e0 son meilleur Le plan directeur du Village \u00e0 Griesbach est con\u00e7u conform\u00e9ment au concept d\u2019un village urbain et sur les principes du nouvel urbanisme.&nbsp; Un village urbain est, \u00e0 la base, une communaut\u00e9 con\u00e7ue de mani\u00e8re \u00e0 donner la priorit\u00e9 \u00e0 la qualit\u00e9 de vie des r\u00e9sidents plut\u00f4t qu\u2019aux [&hellip;]<\/p>\n","protected":false},"author":16,"featured_media":0,"parent":0,"menu_order":0,"comment_status":"closed","ping_status":"closed","template":"","meta":{"_acf_changed":false,"_relevanssi_hide_post":"","_relevanssi_hide_content":"","_relevanssi_pin_for_all":"","_relevanssi_pin_keywords":"","_relevanssi_unpin_keywords":"","_relevanssi_related_keywords":"","_relevanssi_related_include_ids":"","_relevanssi_related_exclude_ids":"","_relevanssi_related_no_append":"","_relevanssi_related_not_related":"","_relevanssi_related_posts":"3519,3521,3517,3470,3456,3460","_relevanssi_noindex_reason":"","footnotes":"","_wp_rev_ctl_limit":""},"acf":[],"_links":{"self":[{"href":"https:\/\/villageatgriesbach.com\/fr\/wp-json\/wp\/v2\/pages\/3572"}],"collection":[{"href":"https:\/\/villageatgriesbach.com\/fr\/wp-json\/wp\/v2\/pages"}],"about":[{"href":"https:\/\/villageatgriesbach.com\/fr\/wp-json\/wp\/v2\/types\/page"}],"author":[{"embeddable":true,"href":"https:\/\/villageatgriesbach.com\/fr\/wp-json\/wp\/v2\/users\/16"}],"replies":[{"embeddable":true,"href":"https:\/\/villageatgriesbach.com\/fr\/wp-json\/wp\/v2\/comments?post=3572"}],"version-history":[{"count":3,"href":"https:\/\/villageatgriesbach.com\/fr\/wp-json\/wp\/v2\/pages\/3572\/revisions"}],"predecessor-version":[{"id":6095,"href":"https:\/\/villageatgriesbach.com\/fr\/wp-json\/wp\/v2\/pages\/3572\/revisions\/6095"}],"wp:attachment":[{"href":"https:\/\/villageatgriesbach.com\/fr\/wp-json\/wp\/v2\/media?parent=3572"}],"curies":[{"name":"wp","href":"https:\/\/api.w.org\/{rel}","templated":true}]}}