{"id":3570,"date":"2021-08-05T10:37:28","date_gmt":"2021-08-05T16:37:28","guid":{"rendered":"https:\/\/villageatgriesbach.com\/carte-des-terrains\/"},"modified":"2025-10-09T11:36:27","modified_gmt":"2025-10-09T17:36:27","slug":"carte-des-terrains","status":"publish","type":"page","link":"https:\/\/villageatgriesbach.com\/fr\/maisons\/carte-des-terrains\/","title":{"rendered":"Carte des terrains"},"content":{"rendered":"\t\t<div data-elementor-type=\"wp-page\" data-elementor-id=\"3570\" class=\"elementor elementor-3570 elementor-526\" data-elementor-post-type=\"page\">\n\t\t\t\t\t\t<section class=\"elementor-section elementor-top-section elementor-element elementor-element-918f7d6 elementor-section-boxed elementor-section-height-default elementor-section-height-default\" data-id=\"918f7d6\" data-element_type=\"section\" data-settings=\"{&quot;_ha_eqh_enable&quot;:false}\">\n\t\t\t\t\t\t<div class=\"elementor-container elementor-column-gap-default\">\n\t\t\t\t\t<div class=\"elementor-column elementor-col-100 elementor-top-column elementor-element elementor-element-d81da37\" data-id=\"d81da37\" data-element_type=\"column\">\n\t\t\t<div class=\"elementor-widget-wrap elementor-element-populated\">\n\t\t\t\t\t\t<div class=\"elementor-element elementor-element-0cf4d68 elementor-widget elementor-widget-heading\" data-id=\"0cf4d68\" data-element_type=\"widget\" data-widget_type=\"heading.default\">\n\t\t\t\t<div class=\"elementor-widget-container\">\n\t\t\t<style>\/*! elementor - v3.22.0 - 17-06-2024 *\/\n.elementor-heading-title{padding:0;margin:0;line-height:1}.elementor-widget-heading .elementor-heading-title[class*=elementor-size-]>a{color:inherit;font-size:inherit;line-height:inherit}.elementor-widget-heading .elementor-heading-title.elementor-size-small{font-size:15px}.elementor-widget-heading .elementor-heading-title.elementor-size-medium{font-size:19px}.elementor-widget-heading .elementor-heading-title.elementor-size-large{font-size:29px}.elementor-widget-heading .elementor-heading-title.elementor-size-xl{font-size:39px}.elementor-widget-heading .elementor-heading-title.elementor-size-xxl{font-size:59px}<\/style><h1 class=\"elementor-heading-title elementor-size-default\">Carte des terrains<\/h1>\t\t<\/div>\n\t\t\t\t<\/div>\n\t\t\t\t<div class=\"elementor-element elementor-element-1244cd8 elementor-widget elementor-widget-text-editor\" data-id=\"1244cd8\" data-element_type=\"widget\" data-widget_type=\"text-editor.default\">\n\t\t\t\t<div class=\"elementor-widget-container\">\n\t\t\t<style>\/*! elementor - v3.22.0 - 17-06-2024 *\/\n.elementor-widget-text-editor.elementor-drop-cap-view-stacked .elementor-drop-cap{background-color:#69727d;color:#fff}.elementor-widget-text-editor.elementor-drop-cap-view-framed .elementor-drop-cap{color:#69727d;border:3px solid;background-color:transparent}.elementor-widget-text-editor:not(.elementor-drop-cap-view-default) .elementor-drop-cap{margin-top:8px}.elementor-widget-text-editor:not(.elementor-drop-cap-view-default) .elementor-drop-cap-letter{width:1em;height:1em}.elementor-widget-text-editor .elementor-drop-cap{float:left;text-align:center;line-height:1;font-size:50px}.elementor-widget-text-editor .elementor-drop-cap-letter{display:inline-block}<\/style>\t\t\t\t<p class=\"p1\"><span class=\"s1\">Le plan directeur du Village \u00e0 Griesbach est am\u00e9nag\u00e9 de mani\u00e8re organis\u00e9e et efficace. Nous avons recours \u00e0 une technologie novatrice pour que vous puissiez voir quelles phases sont actuellement commercialis\u00e9es, quels constructeurs et styles de maison sont disponibles selon les phases, et quels terrains sont disponibles. <\/span><\/p>\n<p class=\"p1\"><span class=\"s1\">Cliquez tout simplement sur la carte ci-dessous et faites glisser votre curseur au-dessus des phases et des terrains pour avoir une information compl\u00e8te.<\/span><\/p>\n\t\t\t\t\t\t<\/div>\n\t\t\t\t<\/div>\n\t\t\t\t\t<\/div>\n\t\t<\/div>\n\t\t\t\t\t<\/div>\n\t\t<\/section>\n\t\t\t\t<section class=\"elementor-section elementor-top-section elementor-element elementor-element-8a85adf elementor-section-full_width elementor-section-height-default elementor-section-height-default\" data-id=\"8a85adf\" data-element_type=\"section\" data-settings=\"{&quot;_ha_eqh_enable&quot;:false}\">\n\t\t\t\t\t\t<div class=\"elementor-container elementor-column-gap-default\">\n\t\t\t\t\t<div class=\"elementor-column elementor-col-100 elementor-top-column elementor-element elementor-element-063fcb8\" data-id=\"063fcb8\" data-element_type=\"column\">\n\t\t\t<div class=\"elementor-widget-wrap elementor-element-populated\">\n\t\t\t\t\t\t<div class=\"elementor-element elementor-element-a51b621 elementor-widget elementor-widget-html\" data-id=\"a51b621\" data-element_type=\"widget\" data-widget_type=\"html.default\">\n\t\t\t\t<div class=\"elementor-widget-container\">\n\t\t\t<div id=\"gmapdiv\">\r\n <iframe id=\"lwmap\" src=\"https:\/\/clcmaps.lotworks.ca\/maps\/griesbachnew\" \r\nstyle=\"border: 0; width: 100%; height: 100%;\"><\/iframe> \r\n<\/div>\t\t<\/div>\n\t\t\t\t<\/div>\n\t\t\t\t\t<\/div>\n\t\t<\/div>\n\t\t\t\t\t<\/div>\n\t\t<\/section>\n\t\t<div class=\"elementor-element elementor-element-2cfef1e e-flex e-con-boxed e-con e-parent\" data-id=\"2cfef1e\" data-element_type=\"container\" data-settings=\"{&quot;_ha_eqh_enable&quot;:false}\">\n\t\t\t\t\t<div class=\"e-con-inner\">\n\t\t\t\t<div class=\"elementor-element elementor-element-a48a809 elementor-widget__width-inherit elementor-widget elementor-widget-template\" data-id=\"a48a809\" data-element_type=\"widget\" data-widget_type=\"template.default\">\n\t\t\t\t<div class=\"elementor-widget-container\">\n\t\t\t\t\t<div class=\"elementor-template\">\n\t\t\t\t\t<div data-elementor-type=\"container\" data-elementor-id=\"13155\" class=\"elementor elementor-13155 elementor-13101\" data-elementor-post-type=\"elementor_library\">\n\t\t\t\t<div class=\"elementor-element elementor-element-6a421d86 e-con-full e-flex e-con e-parent\" data-id=\"6a421d86\" data-element_type=\"container\" data-settings=\"{&quot;_ha_eqh_enable&quot;:false}\">\n\t\t\t\t<div class=\"elementor-element elementor-element-342f255 elementor-widget elementor-widget-heading\" data-id=\"342f255\" data-element_type=\"widget\" data-widget_type=\"heading.default\">\n\t\t\t\t<div class=\"elementor-widget-container\">\n\t\t\t<h2 class=\"elementor-heading-title elementor-size-default\">Constructeur de maison pour le Village \u00e0 Griesbach<\/h2>\t\t<\/div>\n\t\t\t\t<\/div>\n\t\t<div class=\"elementor-element elementor-element-2d0f1393 e-con-full e-flex e-con e-child\" data-id=\"2d0f1393\" data-element_type=\"container\" data-settings=\"{&quot;_ha_eqh_enable&quot;:false}\">\n\t\t\t\t<div class=\"elementor-element elementor-element-5621b423 elementor-widget elementor-widget-image\" data-id=\"5621b423\" data-element_type=\"widget\" data-widget_type=\"image.default\">\n\t\t\t\t<div class=\"elementor-widget-container\">\n\t\t\t<style>\/*! elementor - v3.22.0 - 17-06-2024 *\/\n.elementor-widget-image{text-align:center}.elementor-widget-image a{display:inline-block}.elementor-widget-image a img[src$=\".svg\"]{width:48px}.elementor-widget-image img{vertical-align:middle;display:inline-block}<\/style>\t\t\t\t\t\t\t\t\t\t<img fetchpriority=\"high\" decoding=\"async\" width=\"800\" height=\"423\" src=\"https:\/\/villageatgriesbach.com\/wp-content\/uploads\/2024\/12\/logo-concept-homes-2x-1.webp\" class=\"attachment-large size-large wp-image-12897\" alt=\"\" srcset=\"https:\/\/villageatgriesbach.com\/wp-content\/uploads\/2024\/12\/logo-concept-homes-2x-1.webp 832w, https:\/\/villageatgriesbach.com\/wp-content\/uploads\/2024\/12\/logo-concept-homes-2x-1-800x423.webp 800w, https:\/\/villageatgriesbach.com\/wp-content\/uploads\/2024\/12\/logo-concept-homes-2x-1-768x406.webp 768w\" sizes=\"(max-width: 800px) 100vw, 800px\" \/>\t\t\t\t\t\t\t\t\t\t\t\t\t<\/div>\n\t\t\t\t<\/div>\n\t\t\t\t<div class=\"elementor-element elementor-element-2d555cc5 elementor-widget elementor-widget-image\" data-id=\"2d555cc5\" data-element_type=\"widget\" data-widget_type=\"image.default\">\n\t\t\t\t<div class=\"elementor-widget-container\">\n\t\t\t\t\t\t\t\t\t\t\t\t\t<img decoding=\"async\" width=\"800\" height=\"423\" src=\"https:\/\/villageatgriesbach.com\/wp-content\/uploads\/2024\/12\/logo-landmark-homes-2x-1.webp\" class=\"attachment-large size-large wp-image-12899\" alt=\"\" srcset=\"https:\/\/villageatgriesbach.com\/wp-content\/uploads\/2024\/12\/logo-landmark-homes-2x-1.webp 832w, https:\/\/villageatgriesbach.com\/wp-content\/uploads\/2024\/12\/logo-landmark-homes-2x-1-800x423.webp 800w, https:\/\/villageatgriesbach.com\/wp-content\/uploads\/2024\/12\/logo-landmark-homes-2x-1-768x406.webp 768w\" sizes=\"(max-width: 800px) 100vw, 800px\" \/>\t\t\t\t\t\t\t\t\t\t\t\t\t<\/div>\n\t\t\t\t<\/div>\n\t\t\t\t<div class=\"elementor-element elementor-element-4a9699c6 elementor-widget elementor-widget-image\" data-id=\"4a9699c6\" data-element_type=\"widget\" data-widget_type=\"image.default\">\n\t\t\t\t<div class=\"elementor-widget-container\">\n\t\t\t\t\t\t\t\t\t\t\t\t\t<img decoding=\"async\" width=\"800\" height=\"423\" src=\"https:\/\/villageatgriesbach.com\/wp-content\/uploads\/2024\/12\/logo-finesse-homes-2x-1.webp\" class=\"attachment-large size-large wp-image-12901\" alt=\"\" srcset=\"https:\/\/villageatgriesbach.com\/wp-content\/uploads\/2024\/12\/logo-finesse-homes-2x-1.webp 832w, https:\/\/villageatgriesbach.com\/wp-content\/uploads\/2024\/12\/logo-finesse-homes-2x-1-800x423.webp 800w, https:\/\/villageatgriesbach.com\/wp-content\/uploads\/2024\/12\/logo-finesse-homes-2x-1-768x406.webp 768w\" sizes=\"(max-width: 800px) 100vw, 800px\" \/>\t\t\t\t\t\t\t\t\t\t\t\t\t<\/div>\n\t\t\t\t<\/div>\n\t\t\t\t<div class=\"elementor-element elementor-element-1434f9b5 elementor-widget elementor-widget-image\" data-id=\"1434f9b5\" data-element_type=\"widget\" data-widget_type=\"image.default\">\n\t\t\t\t<div class=\"elementor-widget-container\">\n\t\t\t\t\t\t\t\t\t\t\t\t\t<img loading=\"lazy\" decoding=\"async\" width=\"800\" height=\"423\" src=\"https:\/\/villageatgriesbach.com\/wp-content\/uploads\/2024\/12\/logo-vivid-homes-2x-1.webp\" class=\"attachment-large size-large wp-image-12907\" alt=\"\" srcset=\"https:\/\/villageatgriesbach.com\/wp-content\/uploads\/2024\/12\/logo-vivid-homes-2x-1.webp 832w, https:\/\/villageatgriesbach.com\/wp-content\/uploads\/2024\/12\/logo-vivid-homes-2x-1-800x423.webp 800w, https:\/\/villageatgriesbach.com\/wp-content\/uploads\/2024\/12\/logo-vivid-homes-2x-1-768x406.webp 768w\" sizes=\"(max-width: 800px) 100vw, 800px\" \/>\t\t\t\t\t\t\t\t\t\t\t\t\t<\/div>\n\t\t\t\t<\/div>\n\t\t\t\t<div class=\"elementor-element elementor-element-6990e904 elementor-widget elementor-widget-image\" data-id=\"6990e904\" data-element_type=\"widget\" data-widget_type=\"image.default\">\n\t\t\t\t<div class=\"elementor-widget-container\">\n\t\t\t\t\t\t\t\t\t\t\t\t\t<img loading=\"lazy\" decoding=\"async\" width=\"800\" height=\"423\" src=\"https:\/\/villageatgriesbach.com\/wp-content\/uploads\/2024\/12\/logo-coventry-homes-2x-1.webp\" class=\"attachment-large size-large wp-image-12903\" alt=\"\" srcset=\"https:\/\/villageatgriesbach.com\/wp-content\/uploads\/2024\/12\/logo-coventry-homes-2x-1.webp 832w, https:\/\/villageatgriesbach.com\/wp-content\/uploads\/2024\/12\/logo-coventry-homes-2x-1-800x423.webp 800w, https:\/\/villageatgriesbach.com\/wp-content\/uploads\/2024\/12\/logo-coventry-homes-2x-1-768x406.webp 768w\" sizes=\"(max-width: 800px) 100vw, 800px\" \/>\t\t\t\t\t\t\t\t\t\t\t\t\t<\/div>\n\t\t\t\t<\/div>\n\t\t\t\t<div class=\"elementor-element elementor-element-78aa43f8 elementor-widget elementor-widget-image\" data-id=\"78aa43f8\" data-element_type=\"widget\" data-widget_type=\"image.default\">\n\t\t\t\t<div class=\"elementor-widget-container\">\n\t\t\t\t\t\t\t\t\t\t\t\t\t<img loading=\"lazy\" decoding=\"async\" width=\"800\" height=\"423\" src=\"https:\/\/villageatgriesbach.com\/wp-content\/uploads\/2024\/12\/logo-impact-homes-2x-1.webp\" class=\"attachment-large size-large wp-image-12905\" alt=\"\" srcset=\"https:\/\/villageatgriesbach.com\/wp-content\/uploads\/2024\/12\/logo-impact-homes-2x-1.webp 832w, https:\/\/villageatgriesbach.com\/wp-content\/uploads\/2024\/12\/logo-impact-homes-2x-1-800x423.webp 800w, https:\/\/villageatgriesbach.com\/wp-content\/uploads\/2024\/12\/logo-impact-homes-2x-1-768x406.webp 768w\" sizes=\"(max-width: 800px) 100vw, 800px\" \/>\t\t\t\t\t\t\t\t\t\t\t\t\t<\/div>\n\t\t\t\t<\/div>\n\t\t\t\t<div class=\"elementor-element elementor-element-4c67fde elementor-widget elementor-widget-image\" data-id=\"4c67fde\" data-element_type=\"widget\" data-widget_type=\"image.default\">\n\t\t\t\t<div class=\"elementor-widget-container\">\n\t\t\t\t\t\t\t\t\t\t\t\t\t<img loading=\"lazy\" decoding=\"async\" width=\"736\" height=\"440\" src=\"https:\/\/villageatgriesbach.com\/wp-content\/uploads\/2025\/10\/logo-belvista-homes-ltd-2x.png\" class=\"attachment-large size-large wp-image-13250\" alt=\"\" \/>\t\t\t\t\t\t\t\t\t\t\t\t\t<\/div>\n\t\t\t\t<\/div>\n\t\t\t\t<\/div>\n\t\t\t\t<div class=\"elementor-element elementor-element-1d0ce22f elementor-align-left elementor-widget elementor-widget-button\" data-id=\"1d0ce22f\" data-element_type=\"widget\" data-widget_type=\"button.default\">\n\t\t\t\t<div class=\"elementor-widget-container\">\n\t\t\t\t\t<div class=\"elementor-button-wrapper\">\n\t\t\t<a class=\"elementor-button elementor-button-link elementor-size-sm\" href=\"https:\/\/villageatgriesbach.com\/fr\/possessions-rapides\/\">\n\t\t\t\t\t\t<span class=\"elementor-button-content-wrapper\">\n\t\t\t\t\t\t\t\t\t<span class=\"elementor-button-text\">Connectez-vous avec des constructeurs de maisons<\/span>\n\t\t\t\t\t<\/span>\n\t\t\t\t\t<\/a>\n\t\t<\/div>\n\t\t\t\t<\/div>\n\t\t\t\t<\/div>\n\t\t\t\t<\/div>\n\t\t\t\t<\/div>\n\t\t\t\t<\/div>\n\t\t\t\t<\/div>\n\t\t\t\t<\/div>\n\t\t\t\t\t<\/div>\n\t\t\t\t<\/div>\n\t\t\t\t<\/div>\n\t\t","protected":false},"excerpt":{"rendered":"<p>Carte des terrains Le plan directeur du Village \u00e0 Griesbach est am\u00e9nag\u00e9 de mani\u00e8re organis\u00e9e et efficace. Nous avons recours \u00e0 une technologie novatrice pour que vous puissiez voir quelles phases sont actuellement commercialis\u00e9es, quels constructeurs et styles de maison sont disponibles selon les phases, et quels terrains sont disponibles. Cliquez tout simplement sur la [&hellip;]<\/p>\n","protected":false},"author":16,"featured_media":0,"parent":4087,"menu_order":0,"comment_status":"closed","ping_status":"closed","template":"","meta":{"_acf_changed":false,"_relevanssi_hide_post":"","_relevanssi_hide_content":"","_relevanssi_pin_for_all":"","_relevanssi_pin_keywords":"","_relevanssi_unpin_keywords":"","_relevanssi_related_keywords":"","_relevanssi_related_include_ids":"","_relevanssi_related_exclude_ids":"","_relevanssi_related_no_append":"","_relevanssi_related_not_related":"","_relevanssi_related_posts":"3513,3454,3470,3493,5330,4921","_relevanssi_noindex_reason":"","footnotes":"","_wp_rev_ctl_limit":""},"acf":[],"_links":{"self":[{"href":"https:\/\/villageatgriesbach.com\/fr\/wp-json\/wp\/v2\/pages\/3570"}],"collection":[{"href":"https:\/\/villageatgriesbach.com\/fr\/wp-json\/wp\/v2\/pages"}],"about":[{"href":"https:\/\/villageatgriesbach.com\/fr\/wp-json\/wp\/v2\/types\/page"}],"author":[{"embeddable":true,"href":"https:\/\/villageatgriesbach.com\/fr\/wp-json\/wp\/v2\/users\/16"}],"replies":[{"embeddable":true,"href":"https:\/\/villageatgriesbach.com\/fr\/wp-json\/wp\/v2\/comments?post=3570"}],"version-history":[{"count":12,"href":"https:\/\/villageatgriesbach.com\/fr\/wp-json\/wp\/v2\/pages\/3570\/revisions"}],"predecessor-version":[{"id":13264,"href":"https:\/\/villageatgriesbach.com\/fr\/wp-json\/wp\/v2\/pages\/3570\/revisions\/13264"}],"up":[{"embeddable":true,"href":"https:\/\/villageatgriesbach.com\/fr\/wp-json\/wp\/v2\/pages\/4087"}],"wp:attachment":[{"href":"https:\/\/villageatgriesbach.com\/fr\/wp-json\/wp\/v2\/media?parent=3570"}],"curies":[{"name":"wp","href":"https:\/\/api.w.org\/{rel}","templated":true}]}}